{"id":26,"date":"2017-01-04T13:02:25","date_gmt":"2017-01-04T12:02:25","guid":{"rendered":"http:\/\/pdkulle.de\/videos\/?page_id=26"},"modified":"2017-01-04T17:24:34","modified_gmt":"2017-01-04T16:24:34","slug":"ueber-mich","status":"publish","type":"page","link":"https:\/\/pdkulle.de\/videos\/ueber-mich\/","title":{"rendered":"\u00dcber mich"},"content":{"rendered":"<p>Ich bin der Chefb\u00e4r der Pl\u00fcschtierfamilie. Eigentlich bin ich nur der Dorf\u00e4lteste. Alles weitere findest Du bei <a href=\"http:\/\/www.baerdel.de\" target=\"_blank\">www.baerdel.de<\/a><\/p>\n","protected":false},"excerpt":{"rendered":"<p>Ich bin der Chefb\u00e4r der Pl\u00fcschtierfamilie. Eigentlich bin ich nur der Dorf\u00e4lteste. Alles weitere findest Du bei www.baerdel.de<\/p>\n","protected":false},"author":1,"featured_media":62,"parent":0,"menu_order":0,"comment_status":"closed","ping_status":"closed","template":"","meta":{"footnotes":""},"class_list":["post-26","page","type-page","status-publish","has-post-thumbnail","hentry"],"_links":{"self":[{"href":"https:\/\/pdkulle.de\/videos\/wp-json\/wp\/v2\/pages\/26","targetHints":{"allow":["GET"]}}],"collection":[{"href":"https:\/\/pdkulle.de\/videos\/wp-json\/wp\/v2\/pages"}],"about":[{"href":"https:\/\/pdkulle.de\/videos\/wp-json\/wp\/v2\/types\/page"}],"author":[{"embeddable":true,"href":"https:\/\/pdkulle.de\/videos\/wp-json\/wp\/v2\/users\/1"}],"replies":[{"embeddable":true,"href":"https:\/\/pdkulle.de\/videos\/wp-json\/wp\/v2\/comments?post=26"}],"version-history":[{"count":3,"href":"https:\/\/pdkulle.de\/videos\/wp-json\/wp\/v2\/pages\/26\/revisions"}],"predecessor-version":[{"id":64,"href":"https:\/\/pdkulle.de\/videos\/wp-json\/wp\/v2\/pages\/26\/revisions\/64"}],"wp:featuredmedia":[{"embeddable":true,"href":"https:\/\/pdkulle.de\/videos\/wp-json\/wp\/v2\/media\/62"}],"wp:attachment":[{"href":"https:\/\/pdkulle.de\/videos\/wp-json\/wp\/v2\/media?parent=26"}],"curies":[{"name":"wp","href":"https:\/\/api.w.org\/{rel}","templated":true}]}}